{"id":228,"date":"2021-01-23T21:01:13","date_gmt":"2021-01-23T19:01:13","guid":{"rendered":"https:\/\/latvianjewellery.org\/?page_id=228"},"modified":"2024-04-24T18:31:47","modified_gmt":"2024-04-24T15:31:47","slug":"par-mums","status":"publish","type":"page","link":"https:\/\/latvianjewellery.org\/lv\/par-mums\/","title":{"rendered":"Par mums"},"content":{"rendered":"<p><img loading=\"lazy\" decoding=\"async\" class=\"alignnone wp-image-2460 size-large\" src=\"https:\/\/latvianjewellery.org\/wp-content\/uploads\/2024\/04\/Kafido_T28216717-1-e1713972699810-1024x417.jpg\" alt=\"\" width=\"1024\" height=\"417\" srcset=\"https:\/\/latvianjewellery.org\/wp-content\/uploads\/2024\/04\/Kafido_T28216717-1-e1713972699810-1024x417.jpg 1024w, https:\/\/latvianjewellery.org\/wp-content\/uploads\/2024\/04\/Kafido_T28216717-1-e1713972699810-300x122.jpg 300w, https:\/\/latvianjewellery.org\/wp-content\/uploads\/2024\/04\/Kafido_T28216717-1-e1713972699810-768x313.jpg 768w, https:\/\/latvianjewellery.org\/wp-content\/uploads\/2024\/04\/Kafido_T28216717-1-e1713972699810-1536x626.jpg 1536w, https:\/\/latvianjewellery.org\/wp-content\/uploads\/2024\/04\/Kafido_T28216717-1-e1713972699810-2048x834.jpg 2048w, https:\/\/latvianjewellery.org\/wp-content\/uploads\/2024\/04\/Kafido_T28216717-1-e1713972699810-550x224.jpg 550w\" sizes=\"auto, (max-width: 1024px) 100vw, 1024px\" \/><\/p>\n<p style=\"text-align: justify;\">Latvijas Rotu M\u0101kslas biedr\u012bba izveidota 2018. gada febru\u0101r\u012b. Viens no galvenajiem biedr\u012bbas m\u0113r\u0137iem ir apvienot rotu m\u0101ksl\u0101 darbojo\u0161\u0101s rado\u0161\u0101s personas, lai \u012bstenotu sev un sabiedr\u012bbai svar\u012bgas idejas. \u0160obr\u012bd biedr\u012bb\u0101 ir 24 m\u0101kslinieki. M\u0101kslinieku lok\u0101 ir gan augstas raudzes rotu meistari ar gadiem ilgu pieredzi, gan tikko studijas beigu\u0161i sava ce\u013ca mekl\u0113t\u0101ji. \u0160\u012b da\u017e\u0101du paaud\u017eu, da\u017e\u0101du rokrakstu pla\u0161\u0101 amplit\u016bda ir sp\u0113ks, kas \u013cauj mums stiprin\u0101t nozares att\u012bst\u012bbu un p\u0113ctec\u012bbu.<\/p>\n<p style=\"text-align: justify;\">Rotu M\u0101kslas biedr\u012bbas dibin\u0101t\u0101ji &#8211; Zane Vilka, J\u0101nis Vilks un Valdis Bro\u017ee.<\/p>\n","protected":false},"excerpt":{"rendered":"<p>Latvijas Rotu M\u0101kslas biedr\u012bba izveidota 2018. gada febru\u0101r\u012b. Viens no galvenajiem biedr\u012bbas m\u0113r\u0137iem ir apvienot rotu m\u0101ksl\u0101 darbojo\u0161\u0101s rado\u0161\u0101s personas, lai \u012bstenotu sev un sabiedr\u012bbai svar\u012bgas idejas. \u0160obr\u012bd biedr\u012bb\u0101 ir 24 m\u0101kslinieki. M\u0101kslinieku lok\u0101 ir gan augstas raudzes rotu meistari ar gadiem ilgu pieredzi, gan tikko studijas beigu\u0161i sava ce\u013ca mekl\u0113t\u0101ji. \u0160\u012b da\u017e\u0101du paaud\u017eu, da\u017e\u0101du&#8230;<\/p>\n","protected":false},"author":1,"featured_media":0,"parent":0,"menu_order":0,"comment_status":"closed","ping_status":"closed","template":"","meta":{"_acf_changed":false,"footnotes":""},"class_list":["post-228","page","type-page","status-publish","hentry"],"acf":[],"aioseo_notices":[],"_links":{"self":[{"href":"https:\/\/latvianjewellery.org\/lv\/wp-json\/wp\/v2\/pages\/228","targetHints":{"allow":["GET"]}}],"collection":[{"href":"https:\/\/latvianjewellery.org\/lv\/wp-json\/wp\/v2\/pages"}],"about":[{"href":"https:\/\/latvianjewellery.org\/lv\/wp-json\/wp\/v2\/types\/page"}],"author":[{"embeddable":true,"href":"https:\/\/latvianjewellery.org\/lv\/wp-json\/wp\/v2\/users\/1"}],"replies":[{"embeddable":true,"href":"https:\/\/latvianjewellery.org\/lv\/wp-json\/wp\/v2\/comments?post=228"}],"version-history":[{"count":14,"href":"https:\/\/latvianjewellery.org\/lv\/wp-json\/wp\/v2\/pages\/228\/revisions"}],"predecessor-version":[{"id":2472,"href":"https:\/\/latvianjewellery.org\/lv\/wp-json\/wp\/v2\/pages\/228\/revisions\/2472"}],"wp:attachment":[{"href":"https:\/\/latvianjewellery.org\/lv\/wp-json\/wp\/v2\/media?parent=228"}],"curies":[{"name":"wp","href":"https:\/\/api.w.org\/{rel}","templated":true}]}}